{"id":3179,"date":"2022-01-19T18:16:03","date_gmt":"2022-01-19T18:16:03","guid":{"rendered":"http:\/\/localhost\/uljus\/?page_id=3179"},"modified":"2022-03-12T23:51:17","modified_gmt":"2022-03-12T23:51:17","slug":"results-2016","status":"publish","type":"page","link":"https:\/\/uljus.com\/en\/results-2016\/","title":{"rendered":"Results 2016"},"content":{"rendered":"\t\t<div data-elementor-type=\"wp-page\" data-elementor-id=\"3179\" class=\"elementor elementor-3179 elementor-3164\" data-elementor-post-type=\"page\">\n\t\t\t\t\t\t<section class=\"elementor-section elementor-top-section elementor-element elementor-element-18a9cb4 animacija-desktop elementor-section-boxed elementor-section-height-default elementor-section-height-default\" data-id=\"18a9cb4\" data-element_type=\"section\" data-e-type=\"section\">\n\t\t\t\t\t\t<div class=\"elementor-container elementor-column-gap-default\">\n\t\t\t\t\t<div class=\"elementor-column elementor-col-100 elementor-top-column elementor-element elementor-element-4e67ada\" data-id=\"4e67ada\" data-element_type=\"column\" data-e-type=\"column\">\n\t\t\t<div class=\"elementor-widget-wrap elementor-element-populated\">\n\t\t\t\t\t\t<div class=\"elementor-element elementor-element-8035c9a prop-kat-titl elementor-widget elementor-widget-heading\" data-id=\"8035c9a\" data-element_type=\"widget\" data-e-type=\"widget\" data-widget_type=\"heading.default\">\n\t\t\t\t<div class=\"elementor-widget-container\">\n\t\t\t\t\t<h1 class=\"elementor-heading-title elementor-size-default\">2016<\/h1>\t\t\t\t<\/div>\n\t\t\t\t<\/div>\n\t\t\t\t<div class=\"elementor-element elementor-element-4cdcbbf elementor-widget elementor-widget-heading\" data-id=\"4cdcbbf\" data-element_type=\"widget\" data-e-type=\"widget\" data-widget_type=\"heading.default\">\n\t\t\t\t<div class=\"elementor-widget-container\">\n\t\t\t\t\t<h2 class=\"elementor-heading-title elementor-size-default\">III International Piano Competition  Smederevo <\/h2>\t\t\t\t<\/div>\n\t\t\t\t<\/div>\n\t\t\t\t<div class=\"elementor-element elementor-element-0b31f79 elementor-hidden-mobile elementor-widget-divider--view-line elementor-widget elementor-widget-divider\" data-id=\"0b31f79\" data-element_type=\"widget\" data-e-type=\"widget\" data-widget_type=\"divider.default\">\n\t\t\t\t<div class=\"elementor-widget-container\">\n\t\t\t\t\t\t\t<div class=\"elementor-divider\">\n\t\t\t<span class=\"elementor-divider-separator\">\n\t\t\t\t\t\t<\/span>\n\t\t<\/div>\n\t\t\t\t\t\t<\/div>\n\t\t\t\t<\/div>\n\t\t\t\t<div class=\"elementor-element elementor-element-af049e0 elementor-hidden-desktop elementor-hidden-tablet elementor-widget-divider--view-line elementor-widget elementor-widget-divider\" data-id=\"af049e0\" data-element_type=\"widget\" data-e-type=\"widget\" data-widget_type=\"divider.default\">\n\t\t\t\t<div class=\"elementor-widget-container\">\n\t\t\t\t\t\t\t<div class=\"elementor-divider\">\n\t\t\t<span class=\"elementor-divider-separator\">\n\t\t\t\t\t\t<\/span>\n\t\t<\/div>\n\t\t\t\t\t\t<\/div>\n\t\t\t\t<\/div>\n\t\t\t\t<div class=\"elementor-element elementor-element-850abd6 elementor-align-center elementor-widget__width-auto elementor-icon-list--layout-inline elementor-list-item-link-full_width elementor-widget elementor-widget-icon-list\" data-id=\"850abd6\" data-element_type=\"widget\" data-e-type=\"widget\" data-widget_type=\"icon-list.default\">\n\t\t\t\t<div class=\"elementor-widget-container\">\n\t\t\t\t\t\t\t<ul class=\"elementor-icon-list-items elementor-inline-items\">\n\t\t\t\t\t\t\t<li class=\"elementor-icon-list-item elementor-inline-item\">\n\t\t\t\t\t\t\t\t\t\t\t<span class=\"elementor-icon-list-icon\">\n\t\t\t\t\t\t\t<i aria-hidden=\"true\" class=\"fas fa-dot-circle\"><\/i>\t\t\t\t\t\t<\/span>\n\t\t\t\t\t\t\t\t\t\t<span class=\"elementor-icon-list-text\">Winner award *Nevena Popovi\u0107* - <span class=\"rez-bold\">Du\u0161an Daki\u0107 <\/span>, Vr\u0161ac, Serbia<\/span>\n\t\t\t\t\t\t\t\t\t<\/li>\n\t\t\t\t\t\t\t\t<li class=\"elementor-icon-list-item elementor-inline-item\">\n\t\t\t\t\t\t\t\t\t\t\t<span class=\"elementor-icon-list-icon\">\n\t\t\t\t\t\t\t<i aria-hidden=\"true\" class=\"fas fa-dot-circle\"><\/i>\t\t\t\t\t\t<\/span>\n\t\t\t\t\t\t\t\t\t\t<span class=\"elementor-icon-list-text\">Special diploma for artistic achievements - <span class=\"rez-bold\"> Dragana Tomi\u0107<\/span>, Belgrade, Serbia<\/span>\n\t\t\t\t\t\t\t\t\t<\/li>\n\t\t\t\t\t\t\t\t<li class=\"elementor-icon-list-item elementor-inline-item\">\n\t\t\t\t\t\t\t\t\t\t\t<span class=\"elementor-icon-list-icon\">\n\t\t\t\t\t\t\t<i aria-hidden=\"true\" class=\"fas fa-dot-circle\"><\/i>\t\t\t\t\t\t<\/span>\n\t\t\t\t\t\t\t\t\t\t<span class=\"elementor-icon-list-text\">Special diploma for the performance of <span class=\"rez-italic\">W. A.Mozart<\/span> - <span class=\"rez-bold\"> Anton Makan<\/span>, Zrenjanin, Serbia<\/span>\n\t\t\t\t\t\t\t\t\t<\/li>\n\t\t\t\t\t\t\t\t<li class=\"elementor-icon-list-item elementor-inline-item\">\n\t\t\t\t\t\t\t\t\t\t\t<span class=\"elementor-icon-list-icon\">\n\t\t\t\t\t\t\t<i aria-hidden=\"true\" class=\"fas fa-dot-circle\"><\/i>\t\t\t\t\t\t<\/span>\n\t\t\t\t\t\t\t\t\t\t<span class=\"elementor-icon-list-text\">Special diploma for the performance of <span class=\"rez-italic\">P. I. Tchaikovsky<\/span> - <span class=\"rez-bold\"> Mihailo Stoj\u010di\u0107<\/span>, Belgrade, Serbia<\/span>\n\t\t\t\t\t\t\t\t\t<\/li>\n\t\t\t\t\t\t\t\t<li class=\"elementor-icon-list-item elementor-inline-item\">\n\t\t\t\t\t\t\t\t\t\t\t<span class=\"elementor-icon-list-icon\">\n\t\t\t\t\t\t\t<i aria-hidden=\"true\" class=\"fas fa-dot-circle\"><\/i>\t\t\t\t\t\t<\/span>\n\t\t\t\t\t\t\t\t\t\t<span class=\"elementor-icon-list-text\">Special diploma for the performance of  <span class=\"rez-italic\">F. Chopin<\/span> - <span class=\"rez-bold\"> An\u0111ela Dini\u0107<\/span>, Belgrade, Serbia<\/span>\n\t\t\t\t\t\t\t\t\t<\/li>\n\t\t\t\t\t\t\t\t<li class=\"elementor-icon-list-item elementor-inline-item\">\n\t\t\t\t\t\t\t\t\t\t\t<span class=\"elementor-icon-list-icon\">\n\t\t\t\t\t\t\t<i aria-hidden=\"true\" class=\"fas fa-dot-circle\"><\/i>\t\t\t\t\t\t<\/span>\n\t\t\t\t\t\t\t\t\t\t<span class=\"elementor-icon-list-text\"> Special diploma for promising young artist  - <span class=\"rez-bold\">Roko Matijevi\u0107 &lt;\/span, Zagreb, Croatia<\/span>\n\t\t\t\t\t\t\t\t\t<\/li>\n\t\t\t\t\t\t\t\t<li class=\"elementor-icon-list-item elementor-inline-item\">\n\t\t\t\t\t\t\t\t\t\t\t<span class=\"elementor-icon-list-icon\">\n\t\t\t\t\t\t\t<i aria-hidden=\"true\" class=\"fas fa-dot-circle\"><\/i>\t\t\t\t\t\t<\/span>\n\t\t\t\t\t\t\t\t\t\t<span class=\"elementor-icon-list-text\"> Special diploma for promising young artist  - <span class=\"rez-bold\">Melina \u0160i\u0161i\u0107<\/span>, Tuzla, Bosnia &amp; Herzegovina<\/span>\n\t\t\t\t\t\t\t\t\t<\/li>\n\t\t\t\t\t\t\t\t<li class=\"elementor-icon-list-item elementor-inline-item\">\n\t\t\t\t\t\t\t\t\t\t\t<span class=\"elementor-icon-list-icon\">\n\t\t\t\t\t\t\t<i aria-hidden=\"true\" class=\"fas fa-dot-circle\"><\/i>\t\t\t\t\t\t<\/span>\n\t\t\t\t\t\t\t\t\t\t<span class=\"elementor-icon-list-text\">  Special diploma for promising young artist - <span class=\"rez-bold\">Ajla Muminovi\u0107<\/span>, Tuzla, Bosnia &amp; Herzegovina<\/span>\n\t\t\t\t\t\t\t\t\t<\/li>\n\t\t\t\t\t\t\t\t<li class=\"elementor-icon-list-item elementor-inline-item\">\n\t\t\t\t\t\t\t\t\t\t\t<span class=\"elementor-icon-list-icon\">\n\t\t\t\t\t\t\t<i aria-hidden=\"true\" class=\"fas fa-dot-circle\"><\/i>\t\t\t\t\t\t<\/span>\n\t\t\t\t\t\t\t\t\t\t<span class=\"elementor-icon-list-text\"> Special diploma for promising young artist  - <span class=\"rez-bold\">Anja Mujagi\u0107<\/span>, Tuzla, Bosnia &amp; Herzegovina<\/span>\n\t\t\t\t\t\t\t\t\t<\/li>\n\t\t\t\t\t\t\t\t<li class=\"elementor-icon-list-item elementor-inline-item\">\n\t\t\t\t\t\t\t\t\t\t\t<span class=\"elementor-icon-list-icon\">\n\t\t\t\t\t\t\t<i aria-hidden=\"true\" class=\"fas fa-dot-circle\"><\/i>\t\t\t\t\t\t<\/span>\n\t\t\t\t\t\t\t\t\t\t<span class=\"elementor-icon-list-text\">  Special diploma for promising young artist  - <span class=\"rez-bold\">Eva Arsova<\/span>, Shtip, Macedonia<\/span>\n\t\t\t\t\t\t\t\t\t<\/li>\n\t\t\t\t\t\t\t\t<li class=\"elementor-icon-list-item elementor-inline-item\">\n\t\t\t\t\t\t\t\t\t\t\t<span class=\"elementor-icon-list-icon\">\n\t\t\t\t\t\t\t<i aria-hidden=\"true\" class=\"fas fa-dot-circle\"><\/i>\t\t\t\t\t\t<\/span>\n\t\t\t\t\t\t\t\t\t\t<span class=\"elementor-icon-list-text\">Special diploma for the performance of <span class=\"rez-italic\">M. Mussorgsky<\/span> - <span class=\"rez-bold\"> Lucija Matijevi\u0107<\/span>, Zagreb, Croatia<\/span>\n\t\t\t\t\t\t\t\t\t<\/li>\n\t\t\t\t\t\t\t\t<li class=\"elementor-icon-list-item elementor-inline-item\">\n\t\t\t\t\t\t\t\t\t\t\t<span class=\"elementor-icon-list-icon\">\n\t\t\t\t\t\t\t<i aria-hidden=\"true\" class=\"fas fa-dot-circle\"><\/i>\t\t\t\t\t\t<\/span>\n\t\t\t\t\t\t\t\t\t\t<span class=\"elementor-icon-list-text\">Special diploma for the performance of <span class=\"rez-italic\">F. Liszt<\/span> - <span class=\"rez-bold\"> Mladen Maksovi\u0107<\/span>, Smederevo, Serbia<\/span>\n\t\t\t\t\t\t\t\t\t<\/li>\n\t\t\t\t\t\t\t\t<li class=\"elementor-icon-list-item elementor-inline-item\">\n\t\t\t\t\t\t\t\t\t\t\t<span class=\"elementor-icon-list-icon\">\n\t\t\t\t\t\t\t<i aria-hidden=\"true\" class=\"fas fa-dot-circle\"><\/i>\t\t\t\t\t\t<\/span>\n\t\t\t\t\t\t\t\t\t\t<span class=\"elementor-icon-list-text\">Special diploma for the performance of original composition <span class=\"rez-italic\">Contrast<\/span>  - <span class=\"rez-bold\">Veljko Nenadi\u0107<\/span> Smederevo, Serbia<br><\/span>\n\t\t\t\t\t\t\t\t\t<\/li>\n\t\t\t\t\t\t<\/ul>\n\t\t\t\t\t\t<\/div>\n\t\t\t\t<\/div>\n\t\t\t\t<div class=\"elementor-element elementor-element-1198378 elementor-align-center elementor-icon-list--layout-traditional elementor-list-item-link-full_width elementor-widget elementor-widget-icon-list\" data-id=\"1198378\" data-element_type=\"widget\" data-e-type=\"widget\" data-widget_type=\"icon-list.default\">\n\t\t\t\t<div class=\"elementor-widget-container\">\n\t\t\t\t\t\t\t<ul class=\"elementor-icon-list-items\">\n\t\t\t\t\t\t\t<li class=\"elementor-icon-list-item\">\n\t\t\t\t\t\t\t\t\t\t<span class=\"elementor-icon-list-text\">Jury 2016<\/span>\n\t\t\t\t\t\t\t\t\t<\/li>\n\t\t\t\t\t\t\t\t<li class=\"elementor-icon-list-item\">\n\t\t\t\t\t\t\t\t\t\t\t<span class=\"elementor-icon-list-icon\">\n\t\t\t\t\t\t\t<i aria-hidden=\"true\" class=\"fas fa-dot-circle\"><\/i>\t\t\t\t\t\t<\/span>\n\t\t\t\t\t\t\t\t\t\t<span class=\"elementor-icon-list-text\"><b> Vladimir Milo\u0161evi\u0107<\/b>, FMU Belgrade,  Serbia<\/span>\n\t\t\t\t\t\t\t\t\t<\/li>\n\t\t\t\t\t\t\t\t<li class=\"elementor-icon-list-item\">\n\t\t\t\t\t\t\t\t\t\t\t<span class=\"elementor-icon-list-icon\">\n\t\t\t\t\t\t\t<i aria-hidden=\"true\" class=\"fas fa-dot-circle\"><\/i>\t\t\t\t\t\t<\/span>\n\t\t\t\t\t\t\t\t\t\t<span class=\"elementor-icon-list-text\"><b> Planinka Juri\u0161i\u0107 Ati\u0107<\/b>, Maribor, Slovenia<\/span>\n\t\t\t\t\t\t\t\t\t<\/li>\n\t\t\t\t\t\t\t\t<li class=\"elementor-icon-list-item\">\n\t\t\t\t\t\t\t\t\t\t\t<span class=\"elementor-icon-list-icon\">\n\t\t\t\t\t\t\t<i aria-hidden=\"true\" class=\"fas fa-dot-circle\"><\/i>\t\t\t\t\t\t<\/span>\n\t\t\t\t\t\t\t\t\t\t<span class=\"elementor-icon-list-text\"><b>Nenad Ka\u010dar<\/b>, Zagreb, Croatia<\/span>\n\t\t\t\t\t\t\t\t\t<\/li>\n\t\t\t\t\t\t\t\t<li class=\"elementor-icon-list-item\">\n\t\t\t\t\t\t\t\t\t\t\t<span class=\"elementor-icon-list-icon\">\n\t\t\t\t\t\t\t<i aria-hidden=\"true\" class=\"fas fa-dot-circle\"><\/i>\t\t\t\t\t\t<\/span>\n\t\t\t\t\t\t\t\t\t\t<span class=\"elementor-icon-list-text\"><b>Snje\u017eana Popovi\u0107 Vuleta<\/b>, AU Banja Luka, Bosnia &amp; Herzegovina<\/span>\n\t\t\t\t\t\t\t\t\t<\/li>\n\t\t\t\t\t\t\t\t<li class=\"elementor-icon-list-item\">\n\t\t\t\t\t\t\t\t\t\t\t<span class=\"elementor-icon-list-icon\">\n\t\t\t\t\t\t\t<i aria-hidden=\"true\" class=\"fas fa-dot-circle\"><\/i>\t\t\t\t\t\t<\/span>\n\t\t\t\t\t\t\t\t\t\t<span class=\"elementor-icon-list-text\"><b>Dragana Pavlovi\u0107<\/b>,  Belgrade,  Serbia<\/span>\n\t\t\t\t\t\t\t\t\t<\/li>\n\t\t\t\t\t\t\t\t<li class=\"elementor-icon-list-item\">\n\t\t\t\t\t\t\t\t\t\t\t<span class=\"elementor-icon-list-icon\">\n\t\t\t\t\t\t\t<i aria-hidden=\"true\" class=\"fas fa-dot-circle\"><\/i>\t\t\t\t\t\t<\/span>\n\t\t\t\t\t\t\t\t\t\t<span class=\"elementor-icon-list-text\"><b>Ivana Jasi\u0107<\/b>,  Belgrade,  Serbia<\/span>\n\t\t\t\t\t\t\t\t\t<\/li>\n\t\t\t\t\t\t\t\t<li class=\"elementor-icon-list-item\">\n\t\t\t\t\t\t\t\t\t\t\t<span class=\"elementor-icon-list-icon\">\n\t\t\t\t\t\t\t<i aria-hidden=\"true\" class=\"fas fa-dot-circle\"><\/i>\t\t\t\t\t\t<\/span>\n\t\t\t\t\t\t\t\t\t\t<span class=\"elementor-icon-list-text\"><b>Jasna \u0110urovi\u0107<\/b>, Banja Luka,  Bosnia &amp; Herzegovina<\/span>\n\t\t\t\t\t\t\t\t\t<\/li>\n\t\t\t\t\t\t\t\t<li class=\"elementor-icon-list-item\">\n\t\t\t\t\t\t\t\t\t\t\t<span class=\"elementor-icon-list-icon\">\n\t\t\t\t\t\t\t<i aria-hidden=\"true\" class=\"fas fa-dot-circle\"><\/i>\t\t\t\t\t\t<\/span>\n\t\t\t\t\t\t\t\t\t\t<span class=\"elementor-icon-list-text\"><b>Dijana Zrni\u0107<\/b>, Banja Luka,  Bosnia &amp; Herzegovina<\/span>\n\t\t\t\t\t\t\t\t\t<\/li>\n\t\t\t\t\t\t\t\t<li class=\"elementor-icon-list-item\">\n\t\t\t\t\t\t\t\t\t\t\t<span class=\"elementor-icon-list-icon\">\n\t\t\t\t\t\t\t<i aria-hidden=\"true\" class=\"fas fa-dot-circle\"><\/i>\t\t\t\t\t\t<\/span>\n\t\t\t\t\t\t\t\t\t\t<span class=\"elementor-icon-list-text\"><b>Suzana \u0160o\u0161eva Stankovi\u0107<\/b> Skopje, R. North Macedonia<\/span>\n\t\t\t\t\t\t\t\t\t<\/li>\n\t\t\t\t\t\t\t\t<li class=\"elementor-icon-list-item\">\n\t\t\t\t\t\t\t\t\t\t\t<span class=\"elementor-icon-list-icon\">\n\t\t\t\t\t\t\t<i aria-hidden=\"true\" class=\"fas fa-dot-circle\"><\/i>\t\t\t\t\t\t<\/span>\n\t\t\t\t\t\t\t\t\t\t<span class=\"elementor-icon-list-text\"><b>Aleksandra Trajkova<\/b>, Shtip, R. North Macedonia<\/span>\n\t\t\t\t\t\t\t\t\t<\/li>\n\t\t\t\t\t\t\t\t<li class=\"elementor-icon-list-item\">\n\t\t\t\t\t\t\t\t\t\t\t<span class=\"elementor-icon-list-icon\">\n\t\t\t\t\t\t\t<i aria-hidden=\"true\" class=\"fas fa-dot-circle\"><\/i>\t\t\t\t\t\t<\/span>\n\t\t\t\t\t\t\t\t\t\t<span class=\"elementor-icon-list-text\"><b> Vladimir Koh<\/b>, MU Zve\u010dan,  Serbia<\/span>\n\t\t\t\t\t\t\t\t\t<\/li>\n\t\t\t\t\t\t\t\t<li class=\"elementor-icon-list-item\">\n\t\t\t\t\t\t\t\t\t\t\t<span class=\"elementor-icon-list-icon\">\n\t\t\t\t\t\t\t<i aria-hidden=\"true\" class=\"fas fa-dot-circle\"><\/i>\t\t\t\t\t\t<\/span>\n\t\t\t\t\t\t\t\t\t\t<span class=\"elementor-icon-list-text\"><b> Vesna Jeremi\u0107<\/b>, Smederevo,   Serbia<\/span>\n\t\t\t\t\t\t\t\t\t<\/li>\n\t\t\t\t\t\t\t\t<li class=\"elementor-icon-list-item\">\n\t\t\t\t\t\t\t\t\t\t\t<span class=\"elementor-icon-list-icon\">\n\t\t\t\t\t\t\t<i aria-hidden=\"true\" class=\"fas fa-dot-circle\"><\/i>\t\t\t\t\t\t<\/span>\n\t\t\t\t\t\t\t\t\t\t<span class=\"elementor-icon-list-text\"><b> Branislava Ranitovi\u0107<\/b>, Smederevo,   Serbia<\/span>\n\t\t\t\t\t\t\t\t\t<\/li>\n\t\t\t\t\t\t\t\t<li class=\"elementor-icon-list-item\">\n\t\t\t\t\t\t\t\t\t\t<span class=\"elementor-icon-list-text\">Kompozicija<\/span>\n\t\t\t\t\t\t\t\t\t<\/li>\n\t\t\t\t\t\t\t\t<li class=\"elementor-icon-list-item\">\n\t\t\t\t\t\t\t\t\t\t\t<span class=\"elementor-icon-list-icon\">\n\t\t\t\t\t\t\t<i aria-hidden=\"true\" class=\"fas fa-dot-circle\"><\/i>\t\t\t\t\t\t<\/span>\n\t\t\t\t\t\t\t\t\t\t<span class=\"elementor-icon-list-text\"><b>Svetlana Savi\u0107<\/b>, FMU  Belgrade,  Serbia<\/span>\n\t\t\t\t\t\t\t\t\t<\/li>\n\t\t\t\t\t\t\t\t<li class=\"elementor-icon-list-item\">\n\t\t\t\t\t\t\t\t\t\t\t<span class=\"elementor-icon-list-icon\">\n\t\t\t\t\t\t\t<i aria-hidden=\"true\" class=\"fas fa-dot-circle\"><\/i>\t\t\t\t\t\t<\/span>\n\t\t\t\t\t\t\t\t\t\t<span class=\"elementor-icon-list-text\"><b>Vladimir Kora\u0107<\/b>, FMU Belgrade,  Serbia<\/span>\n\t\t\t\t\t\t\t\t\t<\/li>\n\t\t\t\t\t\t\t\t<li class=\"elementor-icon-list-item\">\n\t\t\t\t\t\t\t\t\t\t\t<span class=\"elementor-icon-list-icon\">\n\t\t\t\t\t\t\t<i aria-hidden=\"true\" class=\"fas fa-dot-circle\"><\/i>\t\t\t\t\t\t<\/span>\n\t\t\t\t\t\t\t\t\t\t<span class=\"elementor-icon-list-text\"><b> Branislava Ranitovi\u0107<\/b>, Smederevo,   Serbia<\/span>\n\t\t\t\t\t\t\t\t\t<\/li>\n\t\t\t\t\t\t<\/ul>\n\t\t\t\t\t\t<\/div>\n\t\t\t\t<\/div>\n\t\t\t\t<div class=\"elementor-element elementor-element-7547463 elementor-widget-divider--view-line elementor-widget elementor-widget-divider\" data-id=\"7547463\" data-element_type=\"widget\" data-e-type=\"widget\" data-widget_type=\"divider.default\">\n\t\t\t\t<div class=\"elementor-widget-container\">\n\t\t\t\t\t\t\t<div class=\"elementor-divider\">\n\t\t\t<span class=\"elementor-divider-separator\">\n\t\t\t\t\t\t<\/span>\n\t\t<\/div>\n\t\t\t\t\t\t<\/div>\n\t\t\t\t<\/div>\n\t\t\t\t<div class=\"elementor-element elementor-element-5409c33 elementor-widget elementor-widget-heading\" data-id=\"5409c33\" data-element_type=\"widget\" data-e-type=\"widget\" data-widget_type=\"heading.default\">\n\t\t\t\t<div class=\"elementor-widget-container\">\n\t\t\t\t\t<h2 class=\"elementor-heading-title elementor-size-default\">Sheet score<\/h2>\t\t\t\t<\/div>\n\t\t\t\t<\/div>\n\t\t\t\t<section class=\"elementor-section elementor-inner-section elementor-element elementor-element-a1453d9 elementor-section-boxed elementor-section-height-default elementor-section-height-default\" data-id=\"a1453d9\" data-element_type=\"section\" data-e-type=\"section\">\n\t\t\t\t\t\t<div class=\"elementor-container elementor-column-gap-default\">\n\t\t\t\t\t<div class=\"elementor-column elementor-col-100 elementor-inner-column elementor-element elementor-element-ce16e62\" data-id=\"ce16e62\" data-element_type=\"column\" data-e-type=\"column\">\n\t\t\t<div class=\"elementor-widget-wrap elementor-element-populated\">\n\t\t\t\t\t\t<div class=\"elementor-element elementor-element-9ccde46 elementor-widget elementor-widget-html\" data-id=\"9ccde46\" data-element_type=\"widget\" data-e-type=\"widget\" data-widget_type=\"html.default\">\n\t\t\t\t<div class=\"elementor-widget-container\">\n\t\t\t\t\t<table>\n    <tr>\n        <th style=\"width: 33%\">Category<\/th>\n        <th style=\"width: 33%\"> \u2193 Score sheets<br><br><span style=\"color: black\"><\/span>\n        <\/th>\n    <\/tr>\n    <tr>\n        <td> Junior<\/td>\n        <td><a href=\"https:\/\/uljus.com\/wp-content\/uploads\/2022\/02\/Pretkategorija-2016.doc\" download><img decoding=\"async\" src=\"https:\/\/uljus.com\/wp-content\/uploads\/2021\/12\/docx-icon.png\"> DOWNLOAD<\/a><\/td>\n    <\/tr>\n    <tr>\n        <td>Piano I OM\u0160<\/td>\n        <td><a href=\"https:\/\/uljus.com\/wp-content\/uploads\/2022\/02\/I-OMS-2016.doc\" download><img decoding=\"async\" src=\"https:\/\/uljus.com\/wp-content\/uploads\/2021\/12\/docx-icon.png\"> DOWNLOAD<\/a><\/td>\n    <\/tr>\n    <tr>\n        <td>Piano II OM\u0160<\/td>\n        <td><a href=\"https:\/\/uljus.com\/wp-content\/uploads\/2022\/02\/II-OMS-2016.doc\" download><img decoding=\"async\" src=\"https:\/\/uljus.com\/wp-content\/uploads\/2021\/12\/docx-icon.png\"> DOWNLOAD<\/a><\/td>\n    <\/tr>\n    <tr>\n        <td>Piano III OM\u0160<\/td>\n        <td><a href=\"https:\/\/uljus.com\/wp-content\/uploads\/2022\/02\/III-OMS-2016.doc\" download><img decoding=\"async\" src=\"https:\/\/uljus.com\/wp-content\/uploads\/2021\/12\/docx-icon.png\"> DOWNLOAD<\/a><\/td>\n    <\/tr>\n    <tr>\n        <td>Piano IV OM\u0160<\/td>\n        <td><a href=\"https:\/\/uljus.com\/wp-content\/uploads\/2022\/02\/IV-OMS-2016.doc\" download><img decoding=\"async\" src=\"https:\/\/uljus.com\/wp-content\/uploads\/2021\/12\/docx-icon.png\"> DOWNLOAD<\/a><\/td>\n    <\/tr>\n    <tr>\n        <td>Piano V OM\u0160<\/td>\n        <td><a href=\"https:\/\/uljus.com\/wp-content\/uploads\/2022\/02\/V-OMS-2016.doc\" download><img decoding=\"async\" src=\"https:\/\/uljus.com\/wp-content\/uploads\/2021\/12\/docx-icon.png\"> DOWNLOAD<\/a><\/td>\n    <\/tr>\n    <tr>\n        <td>Piano VI OM\u0160<\/td>\n        <td><a href=\"https:\/\/uljus.com\/wp-content\/uploads\/2022\/02\/VI-OMS-2016.doc\" download><img decoding=\"async\" src=\"https:\/\/uljus.com\/wp-content\/uploads\/2021\/12\/docx-icon.png\"> DOWNLOAD<\/a><\/td>\n    <\/tr>\n     <tr>\n        <td>Piano I SM\u0160<\/td>\n        <td><a href=\"https:\/\/uljus.com\/wp-content\/uploads\/2022\/02\/I-SMS-2016.doc\"download><img decoding=\"async\" src=\"https:\/\/uljus.com\/wp-content\/uploads\/2021\/12\/docx-icon.png\"> DOWNLOAD<\/a><\/td>\n    <\/tr>\n        <tr>\n        <td>Piano II SM\u0160<\/td>\n        <td><a href=\"https:\/\/uljus.com\/wp-content\/uploads\/2022\/02\/II-SMS-2016.doc\" download><img decoding=\"async\" src=\"https:\/\/uljus.com\/wp-content\/uploads\/2021\/12\/docx-icon.png\"> DOWNLOAD<\/a><\/td>\n    <\/tr>\n      <tr>\n        <td>Piano III SM\u0160<\/td>\n        <td><a href=\"https:\/\/uljus.com\/wp-content\/uploads\/2022\/02\/III-SMS-2016.doc\" download><img decoding=\"async\" src=\"https:\/\/uljus.com\/wp-content\/uploads\/2021\/12\/docx-icon.png\"> DOWNLOAD<\/a><\/td>\n    <\/tr>\n    <tr>\n        <td> Piano IV SM\u0160<\/td>\n        <td><a href=\"https:\/\/uljus.com\/wp-content\/uploads\/2022\/02\/IV-SMS-2016.doc\" download><img decoding=\"async\" src=\"https:\/\/uljus.com\/wp-content\/uploads\/2021\/12\/docx-icon.png\"> DOWNLOAD<\/a><\/td>\n    <\/tr>\n        <tr>\n        <td>University piano I, III  <\/td>\n        <td><a href=\"https:\/\/uljus.com\/wp-content\/uploads\/2022\/02\/Fakultet-I-i-III-2016.doc\" download><img decoding=\"async\" src=\"https:\/\/uljus.com\/wp-content\/uploads\/2021\/12\/docx-icon.png\"> DOWNLOAD<\/a><\/td>\n    <\/tr>\n            <tr>\n        <td>University piano IV, V  <\/td>\n        <td><a href=\"https:\/\/uljus.com\/wp-content\/uploads\/2022\/02\/Fakultet-IV-i-V-2016.doc\" download><img decoding=\"async\" src=\"https:\/\/uljus.com\/wp-content\/uploads\/2021\/12\/docx-icon.png\"> DOWNLOAD<\/a><\/td>\n    <\/tr>\n          <tr>\n        <td>Chamber music I, II  <\/td>\n        <td><a href=\"https:\/\/uljus.com\/wp-content\/uploads\/2022\/02\/Kamerna-muzika-I-i-II-2016.doc\" download><img decoding=\"async\" src=\"https:\/\/uljus.com\/wp-content\/uploads\/2021\/12\/docx-icon.png\"> DOWNLOAD<\/a><\/td>\n    <\/tr>\n            <tr>\n        <td>Chamber music III, IV  <\/td>\n        <td><a href=\"https:\/\/uljus.com\/wp-content\/uploads\/2022\/02\/Kamerna-muzika-III-i-IV-2016.doc\" download><img decoding=\"async\" src=\"https:\/\/uljus.com\/wp-content\/uploads\/2021\/12\/docx-icon.png\"> DOWNLOAD<\/a><\/td>\n    <\/tr>\n    <tr>\n        <td>Comparative piano IIA <\/td>\n        <td><a href=\"https:\/\/uljus.com\/wp-content\/uploads\/2022\/02\/Uporedni-klavir-2016.doc\" download><img decoding=\"async\" src=\"https:\/\/uljus.com\/wp-content\/uploads\/2021\/12\/docx-icon.png\"> DOWNLOAD<\/a><\/td>\n    <\/tr>\n    <tr>\n        <td>Comparative piano OM\u0160, SM\u0160, IB, IIIB <\/td>\n        <td><a href=\"https:\/\/uljus.com\/wp-content\/uploads\/2022\/02\/Uporedni-klavir-OMS-SMS-IB-III-B-2016.doc\" download><img decoding=\"async\" src=\"https:\/\/uljus.com\/wp-content\/uploads\/2021\/12\/docx-icon.png\"> DOWNLOAD<\/a><\/td>\n    <\/tr>\n    <tr>\n        <td>Composition<\/td>\n        <td><a href=\"https:\/\/uljus.com\/wp-content\/uploads\/2022\/02\/Composition-2016.doc\" download><img decoding=\"async\" src=\"https:\/\/uljus.com\/wp-content\/uploads\/2021\/12\/docx-icon.png\"> DOWNLOAD<\/a><\/td>\n    <\/tr>\n    <tr>\n        <td>BOOK 2016<\/td>\n        <td><a href=\"https:\/\/uljus.com\/wp-content\/uploads\/2022\/02\/Book-2016.docx\" download><img decoding=\"async\" src=\"https:\/\/uljus.com\/wp-content\/uploads\/2021\/12\/docx-icon.png\"> DOWNLOAD<\/a><\/td>\n    <\/tr>\n<\/table>\t\t\t\t<\/div>\n\t\t\t\t<\/div>\n\t\t\t\t\t<\/div>\n\t\t<\/div>\n\t\t\t\t\t<\/div>\n\t\t<\/section>\n\t\t\t\t\t<\/div>\n\t\t<\/div>\n\t\t\t\t\t<\/div>\n\t\t<\/section>\n\t\t\t\t<\/div>\n\t\t","protected":false},"excerpt":{"rendered":"<p>2016 III International Piano Competition Smederevo Winner award *Nevena Popovi\u0107* &#8211; Du\u0161an Daki\u0107 , Vr\u0161ac, Serbia Special diploma for artistic achievements &#8211; Dragana Tomi\u0107, Belgrade, Serbia Special diploma for the performance of W. A.Mozart &#8211; Anton Makan, Zrenjanin, Serbia Special diploma for the performance of P. I. Tchaikovsky &#8211; Mihailo Stoj\u010di\u0107, Belgrade, Serbia Special diploma [&hellip;]<\/p>\n","protected":false},"author":1,"featured_media":0,"parent":0,"menu_order":0,"comment_status":"closed","ping_status":"closed","template":"","meta":{"inline_featured_image":false,"footnotes":""},"class_list":["post-3179","page","type-page","status-publish","hentry"],"_links":{"self":[{"href":"https:\/\/uljus.com\/en\/wp-json\/wp\/v2\/pages\/3179","targetHints":{"allow":["GET"]}}],"collection":[{"href":"https:\/\/uljus.com\/en\/wp-json\/wp\/v2\/pages"}],"about":[{"href":"https:\/\/uljus.com\/en\/wp-json\/wp\/v2\/types\/page"}],"author":[{"embeddable":true,"href":"https:\/\/uljus.com\/en\/wp-json\/wp\/v2\/users\/1"}],"replies":[{"embeddable":true,"href":"https:\/\/uljus.com\/en\/wp-json\/wp\/v2\/comments?post=3179"}],"version-history":[{"count":0,"href":"https:\/\/uljus.com\/en\/wp-json\/wp\/v2\/pages\/3179\/revisions"}],"wp:attachment":[{"href":"https:\/\/uljus.com\/en\/wp-json\/wp\/v2\/media?parent=3179"}],"curies":[{"name":"wp","href":"https:\/\/api.w.org\/{rel}","templated":true}]}}