{"id":3181,"date":"2022-01-19T18:16:19","date_gmt":"2022-01-19T18:16:19","guid":{"rendered":"http:\/\/localhost\/uljus\/?page_id=3181"},"modified":"2023-11-07T01:11:32","modified_gmt":"2023-11-07T01:11:32","slug":"resultss-2015","status":"publish","type":"page","link":"https:\/\/uljus.com\/en\/resultss-2015\/","title":{"rendered":"Results 2015"},"content":{"rendered":"\t\t<div data-elementor-type=\"wp-page\" data-elementor-id=\"3181\" class=\"elementor elementor-3181 elementor-3166\" data-elementor-post-type=\"page\">\n\t\t\t\t\t\t<section class=\"elementor-section elementor-top-section elementor-element elementor-element-8133e27 animacija-desktop elementor-section-boxed elementor-section-height-default elementor-section-height-default\" data-id=\"8133e27\" data-element_type=\"section\" data-e-type=\"section\">\n\t\t\t\t\t\t<div class=\"elementor-container elementor-column-gap-default\">\n\t\t\t\t\t<div class=\"elementor-column elementor-col-100 elementor-top-column elementor-element elementor-element-bb3f44f\" data-id=\"bb3f44f\" data-element_type=\"column\" data-e-type=\"column\">\n\t\t\t<div class=\"elementor-widget-wrap elementor-element-populated\">\n\t\t\t\t\t\t<div class=\"elementor-element elementor-element-d22430d prop-kat-titl elementor-widget elementor-widget-heading\" data-id=\"d22430d\" data-element_type=\"widget\" data-e-type=\"widget\" data-widget_type=\"heading.default\">\n\t\t\t\t<div class=\"elementor-widget-container\">\n\t\t\t\t\t<h1 class=\"elementor-heading-title elementor-size-default\">2015<\/h1>\t\t\t\t<\/div>\n\t\t\t\t<\/div>\n\t\t\t\t<div class=\"elementor-element elementor-element-baf2a9b elementor-widget elementor-widget-heading\" data-id=\"baf2a9b\" data-element_type=\"widget\" data-e-type=\"widget\" data-widget_type=\"heading.default\">\n\t\t\t\t<div class=\"elementor-widget-container\">\n\t\t\t\t\t<h2 class=\"elementor-heading-title elementor-size-default\">II International Piano Competition  Smederevo  <\/h2>\t\t\t\t<\/div>\n\t\t\t\t<\/div>\n\t\t\t\t<div class=\"elementor-element elementor-element-9f627d4 elementor-widget-divider--view-line elementor-widget elementor-widget-divider\" data-id=\"9f627d4\" data-element_type=\"widget\" data-e-type=\"widget\" data-widget_type=\"divider.default\">\n\t\t\t\t<div class=\"elementor-widget-container\">\n\t\t\t\t\t\t\t<div class=\"elementor-divider\">\n\t\t\t<span class=\"elementor-divider-separator\">\n\t\t\t\t\t\t<\/span>\n\t\t<\/div>\n\t\t\t\t\t\t<\/div>\n\t\t\t\t<\/div>\n\t\t\t\t<div class=\"elementor-element elementor-element-1e88808 elementor-align-center elementor-icon-list--layout-traditional elementor-list-item-link-full_width elementor-widget elementor-widget-icon-list\" data-id=\"1e88808\" data-element_type=\"widget\" data-e-type=\"widget\" data-widget_type=\"icon-list.default\">\n\t\t\t\t<div class=\"elementor-widget-container\">\n\t\t\t\t\t\t\t<ul class=\"elementor-icon-list-items\">\n\t\t\t\t\t\t\t<li class=\"elementor-icon-list-item\">\n\t\t\t\t\t\t\t\t\t\t<span class=\"elementor-icon-list-text\"> <span class=\"rez-bold\">Jury<\/span><\/span>\n\t\t\t\t\t\t\t\t\t<\/li>\n\t\t\t\t\t\t\t\t<li class=\"elementor-icon-list-item\">\n\t\t\t\t\t\t\t\t\t\t\t<span class=\"elementor-icon-list-icon\">\n\t\t\t\t\t\t\t<i aria-hidden=\"true\" class=\"fas fa-dot-circle\"><\/i>\t\t\t\t\t\t<\/span>\n\t\t\t\t\t\t\t\t\t\t<span class=\"elementor-icon-list-text\"><b>Nevena Popovi\u0107<\/b>, Belgrade, Serbia<\/span>\n\t\t\t\t\t\t\t\t\t<\/li>\n\t\t\t\t\t\t\t\t<li class=\"elementor-icon-list-item\">\n\t\t\t\t\t\t\t\t\t\t\t<span class=\"elementor-icon-list-icon\">\n\t\t\t\t\t\t\t<i aria-hidden=\"true\" class=\"fas fa-dot-circle\"><\/i>\t\t\t\t\t\t<\/span>\n\t\t\t\t\t\t\t\t\t\t<span class=\"elementor-icon-list-text\"><b> Andreas Mimeos<\/b>, Greece<\/span>\n\t\t\t\t\t\t\t\t\t<\/li>\n\t\t\t\t\t\t\t\t<li class=\"elementor-icon-list-item\">\n\t\t\t\t\t\t\t\t\t\t\t<span class=\"elementor-icon-list-icon\">\n\t\t\t\t\t\t\t<i aria-hidden=\"true\" class=\"fas fa-dot-circle\"><\/i>\t\t\t\t\t\t<\/span>\n\t\t\t\t\t\t\t\t\t\t<span class=\"elementor-icon-list-text\"><b>Dejan Jankovi\u0107<\/b>, Banja Luka, Bosnia&amp;Herzegovina<\/span>\n\t\t\t\t\t\t\t\t\t<\/li>\n\t\t\t\t\t\t\t\t<li class=\"elementor-icon-list-item\">\n\t\t\t\t\t\t\t\t\t\t\t<span class=\"elementor-icon-list-icon\">\n\t\t\t\t\t\t\t<i aria-hidden=\"true\" class=\"fas fa-dot-circle\"><\/i>\t\t\t\t\t\t<\/span>\n\t\t\t\t\t\t\t\t\t\t<span class=\"elementor-icon-list-text\"><b> Ivana Jasi\u0107<\/b>, Belgrade, Serbia<\/span>\n\t\t\t\t\t\t\t\t\t<\/li>\n\t\t\t\t\t\t\t\t<li class=\"elementor-icon-list-item\">\n\t\t\t\t\t\t\t\t\t\t\t<span class=\"elementor-icon-list-icon\">\n\t\t\t\t\t\t\t<i aria-hidden=\"true\" class=\"fas fa-dot-circle\"><\/i>\t\t\t\t\t\t<\/span>\n\t\t\t\t\t\t\t\t\t\t<span class=\"elementor-icon-list-text\"><b> Dragana Pavlovi\u0107<\/b>, Belgrade, Serbia<\/span>\n\t\t\t\t\t\t\t\t\t<\/li>\n\t\t\t\t\t\t\t\t<li class=\"elementor-icon-list-item\">\n\t\t\t\t\t\t\t\t\t\t\t<span class=\"elementor-icon-list-icon\">\n\t\t\t\t\t\t\t<i aria-hidden=\"true\" class=\"fas fa-dot-circle\"><\/i>\t\t\t\t\t\t<\/span>\n\t\t\t\t\t\t\t\t\t\t<span class=\"elementor-icon-list-text\"> <b>\u017deljka Vorkapi\u0107<\/b>, Belgrade, Serbia<\/span>\n\t\t\t\t\t\t\t\t\t<\/li>\n\t\t\t\t\t\t\t\t<li class=\"elementor-icon-list-item\">\n\t\t\t\t\t\t\t\t\t\t\t<span class=\"elementor-icon-list-icon\">\n\t\t\t\t\t\t\t<i aria-hidden=\"true\" class=\"fas fa-dot-circle\"><\/i>\t\t\t\t\t\t<\/span>\n\t\t\t\t\t\t\t\t\t\t<span class=\"elementor-icon-list-text\"><b> Branislava Ranitovi\u0107<\/b>, Smederevo, Serbia<\/span>\n\t\t\t\t\t\t\t\t\t<\/li>\n\t\t\t\t\t\t\t\t<li class=\"elementor-icon-list-item\">\n\t\t\t\t\t\t\t\t\t\t\t<span class=\"elementor-icon-list-icon\">\n\t\t\t\t\t\t\t<i aria-hidden=\"true\" class=\"fas fa-dot-circle\"><\/i>\t\t\t\t\t\t<\/span>\n\t\t\t\t\t\t\t\t\t\t<span class=\"elementor-icon-list-text\">Composition<\/span>\n\t\t\t\t\t\t\t\t\t<\/li>\n\t\t\t\t\t\t\t\t<li class=\"elementor-icon-list-item\">\n\t\t\t\t\t\t\t\t\t\t\t<span class=\"elementor-icon-list-icon\">\n\t\t\t\t\t\t\t<i aria-hidden=\"true\" class=\"fas fa-dot-circle\"><\/i>\t\t\t\t\t\t<\/span>\n\t\t\t\t\t\t\t\t\t\t<span class=\"elementor-icon-list-text\"><b>Svetlana Savi\u0107<\/b>, Belgrade, Serbia<\/span>\n\t\t\t\t\t\t\t\t\t<\/li>\n\t\t\t\t\t\t\t\t<li class=\"elementor-icon-list-item\">\n\t\t\t\t\t\t\t\t\t\t\t<span class=\"elementor-icon-list-icon\">\n\t\t\t\t\t\t\t<i aria-hidden=\"true\" class=\"fas fa-dot-circle\"><\/i>\t\t\t\t\t\t<\/span>\n\t\t\t\t\t\t\t\t\t\t<span class=\"elementor-icon-list-text\"><b>Vladimir Kora\u0107<\/b>, Belgrade, Serbia<\/span>\n\t\t\t\t\t\t\t\t\t<\/li>\n\t\t\t\t\t\t\t\t<li class=\"elementor-icon-list-item\">\n\t\t\t\t\t\t\t\t\t\t\t<span class=\"elementor-icon-list-icon\">\n\t\t\t\t\t\t\t<i aria-hidden=\"true\" class=\"fas fa-dot-circle\"><\/i>\t\t\t\t\t\t<\/span>\n\t\t\t\t\t\t\t\t\t\t<span class=\"elementor-icon-list-text\"><b> Branislava Ranitovi\u0107<\/b>, Smederevo, Serbia<\/span>\n\t\t\t\t\t\t\t\t\t<\/li>\n\t\t\t\t\t\t<\/ul>\n\t\t\t\t\t\t<\/div>\n\t\t\t\t<\/div>\n\t\t\t\t<div class=\"elementor-element elementor-element-0a8f410 elementor-widget-divider--view-line elementor-widget elementor-widget-divider\" data-id=\"0a8f410\" data-element_type=\"widget\" data-e-type=\"widget\" data-widget_type=\"divider.default\">\n\t\t\t\t<div class=\"elementor-widget-container\">\n\t\t\t\t\t\t\t<div class=\"elementor-divider\">\n\t\t\t<span class=\"elementor-divider-separator\">\n\t\t\t\t\t\t<\/span>\n\t\t<\/div>\n\t\t\t\t\t\t<\/div>\n\t\t\t\t<\/div>\n\t\t\t\t<div class=\"elementor-element elementor-element-f7e50f6 elementor-widget-divider--view-line elementor-widget elementor-widget-divider\" data-id=\"f7e50f6\" data-element_type=\"widget\" data-e-type=\"widget\" data-widget_type=\"divider.default\">\n\t\t\t\t<div class=\"elementor-widget-container\">\n\t\t\t\t\t\t\t<div class=\"elementor-divider\">\n\t\t\t<span class=\"elementor-divider-separator\">\n\t\t\t\t\t\t<\/span>\n\t\t<\/div>\n\t\t\t\t\t\t<\/div>\n\t\t\t\t<\/div>\n\t\t\t\t<div class=\"elementor-element elementor-element-c1747c6 elementor-widget elementor-widget-heading\" data-id=\"c1747c6\" data-element_type=\"widget\" data-e-type=\"widget\" data-widget_type=\"heading.default\">\n\t\t\t\t<div class=\"elementor-widget-container\">\n\t\t\t\t\t<h2 class=\"elementor-heading-title elementor-size-default\">Sheet Score<\/h2>\t\t\t\t<\/div>\n\t\t\t\t<\/div>\n\t\t\t\t<section class=\"elementor-section elementor-inner-section elementor-element elementor-element-64a260a elementor-section-boxed elementor-section-height-default elementor-section-height-default\" data-id=\"64a260a\" data-element_type=\"section\" data-e-type=\"section\">\n\t\t\t\t\t\t<div class=\"elementor-container elementor-column-gap-default\">\n\t\t\t\t\t<div class=\"elementor-column elementor-col-100 elementor-inner-column elementor-element elementor-element-842c52f\" data-id=\"842c52f\" data-element_type=\"column\" data-e-type=\"column\">\n\t\t\t<div class=\"elementor-widget-wrap elementor-element-populated\">\n\t\t\t\t\t\t<div class=\"elementor-element elementor-element-0d4702b elementor-widget elementor-widget-html\" data-id=\"0d4702b\" data-element_type=\"widget\" data-e-type=\"widget\" data-widget_type=\"html.default\">\n\t\t\t\t<div class=\"elementor-widget-container\">\n\t\t\t\t\t<table>\r\n    <tr>\r\n        <th style=\"width: 33%\">Category<\/th>\r\n        <th style=\"width: 33%\"> \u2193 Sheet Score<br><br><span style=\"color: black\"><\/span>\r\n        <\/th>\r\n    <\/tr>\r\n    <tr>\r\n        <td> Junior, Piano I Primary Music School OM\u0160<\/td>\r\n        <td><a href=\"https:\/\/uljus.com\/wp-content\/uploads\/2022\/02\/Junior-I-OMS-2015.docx\" download><img decoding=\"async\" src=\"https:\/\/uljus.com\/wp-content\/uploads\/2021\/12\/docx-icon.png\"> DOWNLOAD<\/a><\/td>\r\n    <\/tr>\r\n    <tr>\r\n        <td>Piano II OM\u0160<\/td>\r\n        <td><a href=\"https:\/\/uljus.com\/wp-content\/uploads\/2022\/02\/II-OMS-2015.docx\" download><img decoding=\"async\" src=\"https:\/\/uljus.com\/wp-content\/uploads\/2021\/12\/docx-icon.png\"> DOWNLOAD<\/a><\/td>\r\n    <\/tr>\r\n    <tr>\r\n        <td>Piano III OM\u0160<\/td>\r\n        <td><a href=\"https:\/\/uljus.com\/wp-content\/uploads\/2022\/02\/III-OMS-2015.docx\" download><img decoding=\"async\" src=\"https:\/\/uljus.com\/wp-content\/uploads\/2021\/12\/docx-icon.png\"> DOWNLOAD<\/a><\/td>\r\n    <\/tr>\r\n    <tr>\r\n        <td>Piano IV OM\u0160<\/td>\r\n        <td><a href=\"https:\/\/uljus.com\/wp-content\/uploads\/2022\/02\/IV-OMS-2015.docx\" download><img decoding=\"async\" src=\"https:\/\/uljus.com\/wp-content\/uploads\/2021\/12\/docx-icon.png\"> DOWNLOAD<\/a><\/td>\r\n    <\/tr>\r\n    <tr>\r\n        <td>Piano V OM\u0160<\/td>\r\n        <td><a href=\"https:\/\/uljus.com\/wp-content\/uploads\/2022\/02\/V-2015.docx\" download><img decoding=\"async\" src=\"https:\/\/uljus.com\/wp-content\/uploads\/2021\/12\/docx-icon.png\"> DOWNLOAD<\/a><\/td>\r\n    <\/tr>\r\n    <tr>\r\n        <td>Piano VI OM\u0160<\/td>\r\n        <td><a href=\"https:\/\/uljus.com\/wp-content\/uploads\/2022\/02\/VI-2015.docx\" download><img decoding=\"async\" src=\"https:\/\/uljus.com\/wp-content\/uploads\/2021\/12\/docx-icon.png\"> DOWNLOAD<\/a><\/td>\r\n    <\/tr>\r\n     <tr>\r\n        <td>Piano  Secondary Music School I SM\u0160, II SM\u0160, III SM\u0160<\/td>\r\n        <td><a href=\"https:\/\/uljus.com\/wp-content\/uploads\/2022\/02\/I-SMS-II-SMS-III-SMS-2015.docx\"download><img decoding=\"async\" src=\"https:\/\/uljus.com\/wp-content\/uploads\/2021\/12\/docx-icon.png\"> DOWNLOAD<\/a><\/td>\r\n    <\/tr>\r\n    <tr>\r\n        <td>Piano Secondary school IV SM\u0160<\/td>\r\n        <td><a href=\"https:\/\/uljus.com\/wp-content\/uploads\/2022\/02\/IV-SMS-2015.docx\" download><img decoding=\"async\" src=\"https:\/\/uljus.com\/wp-content\/uploads\/2021\/12\/docx-icon.png\"> DOWNLOAD<\/a><\/td>\r\n    <\/tr>\r\n        <tr>\r\n        <td>Piano University <\/td>\r\n        <td><a href=\"https:\/\/uljus.com\/wp-content\/uploads\/2022\/02\/University-2015.docx\" download><img decoding=\"async\" src=\"https:\/\/uljus.com\/wp-content\/uploads\/2021\/12\/docx-icon.png\"> DOWNLOAD<\/a><\/td>\r\n    <\/tr>\r\n          <tr>\r\n        <td>Chamber music I, II  <\/td>\r\n        <td><a href=\"https:\/\/uljus.com\/wp-content\/uploads\/2022\/02\/Chamber-music-I-II-2015.docx\" download><img decoding=\"async\" src=\"https:\/\/uljus.com\/wp-content\/uploads\/2021\/12\/docx-icon.png\"> DOWNLOAD<\/a><\/td>\r\n    <\/tr>\r\n            <tr>\r\n        <td>Chamber music  III, IV  <\/td>\r\n        <td><a href=\"https:\/\/uljus.com\/wp-content\/uploads\/2022\/02\/Chamber-music-III-IV-2015.docx\" download><img decoding=\"async\" src=\"https:\/\/uljus.com\/wp-content\/uploads\/2021\/12\/docx-icon.png\"> DOWNLOAD<\/a><\/td>\r\n    <\/tr>\r\n    <tr>\r\n        <td>Comparative piano <\/td>\r\n        <td><a href=\"https:\/\/uljus.com\/wp-content\/uploads\/2022\/02\/Uporedni-klavir-Comparative-Piano-2015.docx\" download><img decoding=\"async\" src=\"https:\/\/uljus.com\/wp-content\/uploads\/2021\/12\/docx-icon.png\"> DOWNLOAD<\/a><\/td>\r\n    <\/tr>\r\n    <tr>\r\n        <td>Complementary piano<\/td>\r\n        <td><a href=\"https:\/\/uljus.com\/wp-content\/uploads\/2022\/02\/Complementary-Piano-2015.docx\" download><img decoding=\"async\" src=\"https:\/\/uljus.com\/wp-content\/uploads\/2021\/12\/docx-icon.png\"> DOWNLOAD<\/a><\/td>\r\n    <\/tr>\r\n    <tr>\r\n        <td>Composition<\/td>\r\n        <td><a href=\"https:\/\/uljus.com\/wp-content\/uploads\/2022\/02\/Composition-2015.docx\" download><img decoding=\"async\" src=\"https:\/\/uljus.com\/wp-content\/uploads\/2021\/12\/docx-icon.png\"> DOWNLOAD<\/a><\/td>\r\n    <\/tr>\r\n    <tr>\r\n        <td>Book 2015<\/td>\r\n        <td><a href=\"https:\/\/uljus.com\/wp-content\/uploads\/2022\/02\/BOOK-2015.doc\" download><img decoding=\"async\" src=\"https:\/\/uljus.com\/wp-content\/uploads\/2021\/12\/docx-icon.png\"> DOWNLOAD<\/a><\/td>\r\n    <\/tr>\r\n<\/table>\t\t\t\t<\/div>\n\t\t\t\t<\/div>\n\t\t\t\t\t<\/div>\n\t\t<\/div>\n\t\t\t\t\t<\/div>\n\t\t<\/section>\n\t\t\t\t\t<\/div>\n\t\t<\/div>\n\t\t\t\t\t<\/div>\n\t\t<\/section>\n\t\t\t\t<\/div>\n\t\t","protected":false},"excerpt":{"rendered":"<p>2015 II International Piano Competition Smederevo Jury Nevena Popovi\u0107, Belgrade, Serbia Andreas Mimeos, Greece Dejan Jankovi\u0107, Banja Luka, Bosnia&#038;Herzegovina Ivana Jasi\u0107, Belgrade, Serbia Dragana Pavlovi\u0107, Belgrade, Serbia \u017deljka Vorkapi\u0107, Belgrade, Serbia Branislava Ranitovi\u0107, Smederevo, Serbia Composition Svetlana Savi\u0107, Belgrade, Serbia Vladimir Kora\u0107, Belgrade, Serbia Branislava Ranitovi\u0107, Smederevo, Serbia Sheet Score Category \u2193 Sheet Score Junior, [&hellip;]<\/p>\n","protected":false},"author":1,"featured_media":0,"parent":0,"menu_order":0,"comment_status":"closed","ping_status":"closed","template":"","meta":{"inline_featured_image":false,"footnotes":""},"class_list":["post-3181","page","type-page","status-publish","hentry"],"_links":{"self":[{"href":"https:\/\/uljus.com\/en\/wp-json\/wp\/v2\/pages\/3181","targetHints":{"allow":["GET"]}}],"collection":[{"href":"https:\/\/uljus.com\/en\/wp-json\/wp\/v2\/pages"}],"about":[{"href":"https:\/\/uljus.com\/en\/wp-json\/wp\/v2\/types\/page"}],"author":[{"embeddable":true,"href":"https:\/\/uljus.com\/en\/wp-json\/wp\/v2\/users\/1"}],"replies":[{"embeddable":true,"href":"https:\/\/uljus.com\/en\/wp-json\/wp\/v2\/comments?post=3181"}],"version-history":[{"count":0,"href":"https:\/\/uljus.com\/en\/wp-json\/wp\/v2\/pages\/3181\/revisions"}],"wp:attachment":[{"href":"https:\/\/uljus.com\/en\/wp-json\/wp\/v2\/media?parent=3181"}],"curies":[{"name":"wp","href":"https:\/\/api.w.org\/{rel}","templated":true}]}}