{"id":3183,"date":"2022-01-19T18:16:33","date_gmt":"2022-01-19T18:16:33","guid":{"rendered":"http:\/\/localhost\/uljus\/?page_id=3183"},"modified":"2022-03-12T23:14:30","modified_gmt":"2022-03-12T23:14:30","slug":"results-2014","status":"publish","type":"page","link":"https:\/\/uljus.com\/en\/results-2014\/","title":{"rendered":"Results 2014"},"content":{"rendered":"\t\t<div data-elementor-type=\"wp-page\" data-elementor-id=\"3183\" class=\"elementor elementor-3183 elementor-3168\" data-elementor-post-type=\"page\">\n\t\t\t\t\t\t<section class=\"elementor-section elementor-top-section elementor-element elementor-element-18a9cb4 animacija-desktop elementor-section-boxed elementor-section-height-default elementor-section-height-default\" data-id=\"18a9cb4\" data-element_type=\"section\" data-e-type=\"section\">\n\t\t\t\t\t\t<div class=\"elementor-container elementor-column-gap-default\">\n\t\t\t\t\t<div class=\"elementor-column elementor-col-100 elementor-top-column elementor-element elementor-element-4e67ada\" data-id=\"4e67ada\" data-element_type=\"column\" data-e-type=\"column\">\n\t\t\t<div class=\"elementor-widget-wrap elementor-element-populated\">\n\t\t\t\t\t\t<div class=\"elementor-element elementor-element-8035c9a prop-kat-titl elementor-widget elementor-widget-heading\" data-id=\"8035c9a\" data-element_type=\"widget\" data-e-type=\"widget\" data-widget_type=\"heading.default\">\n\t\t\t\t<div class=\"elementor-widget-container\">\n\t\t\t\t\t<h1 class=\"elementor-heading-title elementor-size-default\">2014<\/h1>\t\t\t\t<\/div>\n\t\t\t\t<\/div>\n\t\t\t\t<div class=\"elementor-element elementor-element-8e45e23 elementor-widget-divider--view-line elementor-widget elementor-widget-divider\" data-id=\"8e45e23\" data-element_type=\"widget\" data-e-type=\"widget\" data-widget_type=\"divider.default\">\n\t\t\t\t<div class=\"elementor-widget-container\">\n\t\t\t\t\t\t\t<div class=\"elementor-divider\">\n\t\t\t<span class=\"elementor-divider-separator\">\n\t\t\t\t\t\t<\/span>\n\t\t<\/div>\n\t\t\t\t\t\t<\/div>\n\t\t\t\t<\/div>\n\t\t\t\t<div class=\"elementor-element elementor-element-bd03bf8 elementor-widget elementor-widget-heading\" data-id=\"bd03bf8\" data-element_type=\"widget\" data-e-type=\"widget\" data-widget_type=\"heading.default\">\n\t\t\t\t<div class=\"elementor-widget-container\">\n\t\t\t\t\t<h2 class=\"elementor-heading-title elementor-size-default\"> I International Piano Competition Smederevo  <\/h2>\t\t\t\t<\/div>\n\t\t\t\t<\/div>\n\t\t\t\t<div class=\"elementor-element elementor-element-05b2d05 elementor-align-center elementor-icon-list--layout-traditional elementor-list-item-link-full_width elementor-widget elementor-widget-icon-list\" data-id=\"05b2d05\" data-element_type=\"widget\" data-e-type=\"widget\" data-widget_type=\"icon-list.default\">\n\t\t\t\t<div class=\"elementor-widget-container\">\n\t\t\t\t\t\t\t<ul class=\"elementor-icon-list-items\">\n\t\t\t\t\t\t\t<li class=\"elementor-icon-list-item\">\n\t\t\t\t\t\t\t\t\t\t<span class=\"elementor-icon-list-text\"> <span class=\"rez-bold\">Competition Jury<\/span><\/span>\n\t\t\t\t\t\t\t\t\t<\/li>\n\t\t\t\t\t\t\t\t<li class=\"elementor-icon-list-item\">\n\t\t\t\t\t\t\t\t\t\t\t<span class=\"elementor-icon-list-icon\">\n\t\t\t\t\t\t\t<i aria-hidden=\"true\" class=\"fas fa-dot-circle\"><\/i>\t\t\t\t\t\t<\/span>\n\t\t\t\t\t\t\t\t\t\t<span class=\"elementor-icon-list-text\"><b>Nevena Popovi\u0107<\/b>, Belgrade, Serbia<\/span>\n\t\t\t\t\t\t\t\t\t<\/li>\n\t\t\t\t\t\t\t\t<li class=\"elementor-icon-list-item\">\n\t\t\t\t\t\t\t\t\t\t\t<span class=\"elementor-icon-list-icon\">\n\t\t\t\t\t\t\t<i aria-hidden=\"true\" class=\"fas fa-dot-circle\"><\/i>\t\t\t\t\t\t<\/span>\n\t\t\t\t\t\t\t\t\t\t<span class=\"elementor-icon-list-text\"><b> Ivana Jasi\u0107<\/b>, Belgrade, Serbia<\/span>\n\t\t\t\t\t\t\t\t\t<\/li>\n\t\t\t\t\t\t\t\t<li class=\"elementor-icon-list-item\">\n\t\t\t\t\t\t\t\t\t\t\t<span class=\"elementor-icon-list-icon\">\n\t\t\t\t\t\t\t<i aria-hidden=\"true\" class=\"fas fa-dot-circle\"><\/i>\t\t\t\t\t\t<\/span>\n\t\t\t\t\t\t\t\t\t\t<span class=\"elementor-icon-list-text\"><b> Dragana Pavlovi\u0107<\/b>,  Belgrade, Serbia<\/span>\n\t\t\t\t\t\t\t\t\t<\/li>\n\t\t\t\t\t\t\t\t<li class=\"elementor-icon-list-item\">\n\t\t\t\t\t\t\t\t\t\t\t<span class=\"elementor-icon-list-icon\">\n\t\t\t\t\t\t\t<i aria-hidden=\"true\" class=\"fas fa-dot-circle\"><\/i>\t\t\t\t\t\t<\/span>\n\t\t\t\t\t\t\t\t\t\t<span class=\"elementor-icon-list-text\"><b>Katarina \u0160andorov<\/b>,  Belgrade, Serbia<\/span>\n\t\t\t\t\t\t\t\t\t<\/li>\n\t\t\t\t\t\t\t\t<li class=\"elementor-icon-list-item\">\n\t\t\t\t\t\t\t\t\t\t\t<span class=\"elementor-icon-list-icon\">\n\t\t\t\t\t\t\t<i aria-hidden=\"true\" class=\"fas fa-dot-circle\"><\/i>\t\t\t\t\t\t<\/span>\n\t\t\t\t\t\t\t\t\t\t<span class=\"elementor-icon-list-text\"> <b> Branislava Ranitovi\u0107<\/b>, Smederevo, Serbia<\/span>\n\t\t\t\t\t\t\t\t\t<\/li>\n\t\t\t\t\t\t\t\t<li class=\"elementor-icon-list-item\">\n\t\t\t\t\t\t\t\t\t\t\t<span class=\"elementor-icon-list-icon\">\n\t\t\t\t\t\t\t<i aria-hidden=\"true\" class=\"fas fa-dot-circle\"><\/i>\t\t\t\t\t\t<\/span>\n\t\t\t\t\t\t\t\t\t\t<span class=\"elementor-icon-list-text\"><b>Isidora \u017debeljan<\/b>,  Belgrade, Serbia<\/span>\n\t\t\t\t\t\t\t\t\t<\/li>\n\t\t\t\t\t\t<\/ul>\n\t\t\t\t\t\t<\/div>\n\t\t\t\t<\/div>\n\t\t\t\t<section class=\"elementor-section elementor-inner-section elementor-element elementor-element-9aff066 elementor-section-boxed elementor-section-height-default elementor-section-height-default\" data-id=\"9aff066\" data-element_type=\"section\" data-e-type=\"section\">\n\t\t\t\t\t\t<div class=\"elementor-container elementor-column-gap-default\">\n\t\t\t\t\t<div class=\"elementor-column elementor-col-25 elementor-inner-column elementor-element elementor-element-1e839ee\" data-id=\"1e839ee\" data-element_type=\"column\" data-e-type=\"column\">\n\t\t\t<div class=\"elementor-widget-wrap elementor-element-populated\">\n\t\t\t\t\t\t<div class=\"elementor-element elementor-element-272f297 elementor-widget elementor-widget-image\" data-id=\"272f297\" data-element_type=\"widget\" data-e-type=\"widget\" data-widget_type=\"image.default\">\n\t\t\t\t<div class=\"elementor-widget-container\">\n\t\t\t\t\t\t\t\t\t\t\t\t\t\t\t\t<a href=\"https:\/\/uljus.com\/wp-content\/uploads\/2022\/02\/I-OMS.jpg\" data-elementor-open-lightbox=\"yes\" data-elementor-lightbox-title=\"I OM\u0160\" data-e-action-hash=\"#elementor-action%3Aaction%3Dlightbox%26settings%3DeyJpZCI6NzIzOCwidXJsIjoiaHR0cHM6XC9cL3VsanVzLmNvbVwvd3AtY29udGVudFwvdXBsb2Fkc1wvMjAyMlwvMDJcL0ktT01TLmpwZyJ9\">\n\t\t\t\t\t\t\t<img fetchpriority=\"high\" decoding=\"async\" width=\"768\" height=\"1057\" src=\"https:\/\/uljus.com\/wp-content\/uploads\/2022\/02\/I-OMS-768x1057.jpg\" class=\"attachment-medium_large size-medium_large wp-image-7238\" alt=\"\" srcset=\"https:\/\/uljus.com\/wp-content\/uploads\/2022\/02\/I-OMS-768x1057.jpg 768w, https:\/\/uljus.com\/wp-content\/uploads\/2022\/02\/I-OMS-218x300.jpg 218w, https:\/\/uljus.com\/wp-content\/uploads\/2022\/02\/I-OMS-744x1024.jpg 744w, https:\/\/uljus.com\/wp-content\/uploads\/2022\/02\/I-OMS-1116x1536.jpg 1116w, https:\/\/uljus.com\/wp-content\/uploads\/2022\/02\/I-OMS.jpg 1275w\" sizes=\"(max-width: 768px) 100vw, 768px\" \/>\t\t\t\t\t\t\t\t<\/a>\n\t\t\t\t\t\t\t\t\t\t\t\t\t\t\t<\/div>\n\t\t\t\t<\/div>\n\t\t\t\t\t<\/div>\n\t\t<\/div>\n\t\t\t\t<div class=\"elementor-column elementor-col-25 elementor-inner-column elementor-element elementor-element-804641a\" data-id=\"804641a\" data-element_type=\"column\" data-e-type=\"column\">\n\t\t\t<div class=\"elementor-widget-wrap elementor-element-populated\">\n\t\t\t\t\t\t<div class=\"elementor-element elementor-element-848b2b8 elementor-widget elementor-widget-image\" data-id=\"848b2b8\" data-element_type=\"widget\" data-e-type=\"widget\" data-widget_type=\"image.default\">\n\t\t\t\t<div class=\"elementor-widget-container\">\n\t\t\t\t\t\t\t\t\t\t\t\t\t\t\t\t<a href=\"https:\/\/uljus.com\/wp-content\/uploads\/2022\/02\/II-OMS.jpg\" data-elementor-open-lightbox=\"yes\" data-elementor-lightbox-title=\"II OM\u0160\" data-e-action-hash=\"#elementor-action%3Aaction%3Dlightbox%26settings%3DeyJpZCI6NzI0MCwidXJsIjoiaHR0cHM6XC9cL3VsanVzLmNvbVwvd3AtY29udGVudFwvdXBsb2Fkc1wvMjAyMlwvMDJcL0lJLU9NUy5qcGcifQ%3D%3D\">\n\t\t\t\t\t\t\t<img decoding=\"async\" width=\"768\" height=\"1057\" src=\"https:\/\/uljus.com\/wp-content\/uploads\/2022\/02\/II-OMS-768x1057.jpg\" class=\"attachment-medium_large size-medium_large wp-image-7240\" alt=\"\" srcset=\"https:\/\/uljus.com\/wp-content\/uploads\/2022\/02\/II-OMS-768x1057.jpg 768w, https:\/\/uljus.com\/wp-content\/uploads\/2022\/02\/II-OMS-218x300.jpg 218w, https:\/\/uljus.com\/wp-content\/uploads\/2022\/02\/II-OMS-744x1024.jpg 744w, https:\/\/uljus.com\/wp-content\/uploads\/2022\/02\/II-OMS-1116x1536.jpg 1116w, https:\/\/uljus.com\/wp-content\/uploads\/2022\/02\/II-OMS.jpg 1275w\" sizes=\"(max-width: 768px) 100vw, 768px\" \/>\t\t\t\t\t\t\t\t<\/a>\n\t\t\t\t\t\t\t\t\t\t\t\t\t\t\t<\/div>\n\t\t\t\t<\/div>\n\t\t\t\t\t<\/div>\n\t\t<\/div>\n\t\t\t\t<div class=\"elementor-column elementor-col-25 elementor-inner-column elementor-element elementor-element-750097e\" data-id=\"750097e\" data-element_type=\"column\" data-e-type=\"column\">\n\t\t\t<div class=\"elementor-widget-wrap elementor-element-populated\">\n\t\t\t\t\t\t<div class=\"elementor-element elementor-element-5565fda elementor-widget elementor-widget-image\" data-id=\"5565fda\" data-element_type=\"widget\" data-e-type=\"widget\" data-widget_type=\"image.default\">\n\t\t\t\t<div class=\"elementor-widget-container\">\n\t\t\t\t\t\t\t\t\t\t\t\t\t\t\t\t<a href=\"https:\/\/uljus.com\/wp-content\/uploads\/2022\/02\/III-OMS.jpg\" data-elementor-open-lightbox=\"yes\" data-elementor-lightbox-title=\"III OM\u0160\" data-e-action-hash=\"#elementor-action%3Aaction%3Dlightbox%26settings%3DeyJpZCI6NzI0MiwidXJsIjoiaHR0cHM6XC9cL3VsanVzLmNvbVwvd3AtY29udGVudFwvdXBsb2Fkc1wvMjAyMlwvMDJcL0lJSS1PTVMuanBnIn0%3D\">\n\t\t\t\t\t\t\t<img decoding=\"async\" width=\"768\" height=\"1057\" src=\"https:\/\/uljus.com\/wp-content\/uploads\/2022\/02\/III-OMS-768x1057.jpg\" class=\"attachment-medium_large size-medium_large wp-image-7242\" alt=\"\" srcset=\"https:\/\/uljus.com\/wp-content\/uploads\/2022\/02\/III-OMS-768x1057.jpg 768w, https:\/\/uljus.com\/wp-content\/uploads\/2022\/02\/III-OMS-218x300.jpg 218w, https:\/\/uljus.com\/wp-content\/uploads\/2022\/02\/III-OMS-744x1024.jpg 744w, https:\/\/uljus.com\/wp-content\/uploads\/2022\/02\/III-OMS-1116x1536.jpg 1116w, https:\/\/uljus.com\/wp-content\/uploads\/2022\/02\/III-OMS.jpg 1275w\" sizes=\"(max-width: 768px) 100vw, 768px\" \/>\t\t\t\t\t\t\t\t<\/a>\n\t\t\t\t\t\t\t\t\t\t\t\t\t\t\t<\/div>\n\t\t\t\t<\/div>\n\t\t\t\t\t<\/div>\n\t\t<\/div>\n\t\t\t\t<div class=\"elementor-column elementor-col-25 elementor-inner-column elementor-element elementor-element-9651091\" data-id=\"9651091\" data-element_type=\"column\" data-e-type=\"column\">\n\t\t\t<div class=\"elementor-widget-wrap elementor-element-populated\">\n\t\t\t\t\t\t<div class=\"elementor-element elementor-element-46573f2 elementor-widget elementor-widget-image\" data-id=\"46573f2\" data-element_type=\"widget\" data-e-type=\"widget\" data-widget_type=\"image.default\">\n\t\t\t\t<div class=\"elementor-widget-container\">\n\t\t\t\t\t\t\t\t\t\t\t\t\t\t\t\t<a href=\"https:\/\/uljus.com\/wp-content\/uploads\/2022\/02\/IV-OMS.jpg\" data-elementor-open-lightbox=\"yes\" data-elementor-lightbox-title=\"IV OM\u0160\" data-e-action-hash=\"#elementor-action%3Aaction%3Dlightbox%26settings%3DeyJpZCI6NzI0NCwidXJsIjoiaHR0cHM6XC9cL3VsanVzLmNvbVwvd3AtY29udGVudFwvdXBsb2Fkc1wvMjAyMlwvMDJcL0lWLU9NUy5qcGcifQ%3D%3D\">\n\t\t\t\t\t\t\t<img loading=\"lazy\" decoding=\"async\" width=\"768\" height=\"1057\" src=\"https:\/\/uljus.com\/wp-content\/uploads\/2022\/02\/IV-OMS-768x1057.jpg\" class=\"attachment-medium_large size-medium_large wp-image-7244\" alt=\"\" srcset=\"https:\/\/uljus.com\/wp-content\/uploads\/2022\/02\/IV-OMS-768x1057.jpg 768w, https:\/\/uljus.com\/wp-content\/uploads\/2022\/02\/IV-OMS-218x300.jpg 218w, https:\/\/uljus.com\/wp-content\/uploads\/2022\/02\/IV-OMS-744x1024.jpg 744w, https:\/\/uljus.com\/wp-content\/uploads\/2022\/02\/IV-OMS-1116x1536.jpg 1116w, https:\/\/uljus.com\/wp-content\/uploads\/2022\/02\/IV-OMS.jpg 1275w\" sizes=\"(max-width: 768px) 100vw, 768px\" \/>\t\t\t\t\t\t\t\t<\/a>\n\t\t\t\t\t\t\t\t\t\t\t\t\t\t\t<\/div>\n\t\t\t\t<\/div>\n\t\t\t\t\t<\/div>\n\t\t<\/div>\n\t\t\t\t\t<\/div>\n\t\t<\/section>\n\t\t\t\t<section class=\"elementor-section elementor-inner-section elementor-element elementor-element-5236601 elementor-section-boxed elementor-section-height-default elementor-section-height-default\" data-id=\"5236601\" data-element_type=\"section\" data-e-type=\"section\">\n\t\t\t\t\t\t<div class=\"elementor-container elementor-column-gap-default\">\n\t\t\t\t\t<div class=\"elementor-column elementor-col-25 elementor-inner-column elementor-element elementor-element-e03a0a4\" data-id=\"e03a0a4\" data-element_type=\"column\" data-e-type=\"column\">\n\t\t\t<div class=\"elementor-widget-wrap elementor-element-populated\">\n\t\t\t\t\t\t<div class=\"elementor-element elementor-element-8c9db73 elementor-widget elementor-widget-image\" data-id=\"8c9db73\" data-element_type=\"widget\" data-e-type=\"widget\" data-widget_type=\"image.default\">\n\t\t\t\t<div class=\"elementor-widget-container\">\n\t\t\t\t\t\t\t\t\t\t\t\t\t\t\t\t<a href=\"https:\/\/uljus.com\/wp-content\/uploads\/2022\/02\/V-OMS.jpg\" data-elementor-open-lightbox=\"yes\" data-elementor-lightbox-title=\"V OM\u0160\" data-e-action-hash=\"#elementor-action%3Aaction%3Dlightbox%26settings%3DeyJpZCI6NzI0NiwidXJsIjoiaHR0cHM6XC9cL3VsanVzLmNvbVwvd3AtY29udGVudFwvdXBsb2Fkc1wvMjAyMlwvMDJcL1YtT01TLmpwZyJ9\">\n\t\t\t\t\t\t\t<img loading=\"lazy\" decoding=\"async\" width=\"768\" height=\"1057\" src=\"https:\/\/uljus.com\/wp-content\/uploads\/2022\/02\/V-OMS-768x1057.jpg\" class=\"attachment-medium_large size-medium_large wp-image-7246\" alt=\"\" srcset=\"https:\/\/uljus.com\/wp-content\/uploads\/2022\/02\/V-OMS-768x1057.jpg 768w, https:\/\/uljus.com\/wp-content\/uploads\/2022\/02\/V-OMS-218x300.jpg 218w, https:\/\/uljus.com\/wp-content\/uploads\/2022\/02\/V-OMS-744x1024.jpg 744w, https:\/\/uljus.com\/wp-content\/uploads\/2022\/02\/V-OMS-1116x1536.jpg 1116w, https:\/\/uljus.com\/wp-content\/uploads\/2022\/02\/V-OMS.jpg 1275w\" sizes=\"(max-width: 768px) 100vw, 768px\" \/>\t\t\t\t\t\t\t\t<\/a>\n\t\t\t\t\t\t\t\t\t\t\t\t\t\t\t<\/div>\n\t\t\t\t<\/div>\n\t\t\t\t\t<\/div>\n\t\t<\/div>\n\t\t\t\t<div class=\"elementor-column elementor-col-25 elementor-inner-column elementor-element elementor-element-f674518\" data-id=\"f674518\" data-element_type=\"column\" data-e-type=\"column\">\n\t\t\t<div class=\"elementor-widget-wrap elementor-element-populated\">\n\t\t\t\t\t\t<div class=\"elementor-element elementor-element-41212e9 elementor-widget elementor-widget-image\" data-id=\"41212e9\" data-element_type=\"widget\" data-e-type=\"widget\" data-widget_type=\"image.default\">\n\t\t\t\t<div class=\"elementor-widget-container\">\n\t\t\t\t\t\t\t\t\t\t\t\t\t\t\t\t<a href=\"https:\/\/uljus.com\/wp-content\/uploads\/2022\/02\/VI-OMS.jpg\" data-elementor-open-lightbox=\"yes\" data-elementor-lightbox-title=\"VI OM\u0160\" data-e-action-hash=\"#elementor-action%3Aaction%3Dlightbox%26settings%3DeyJpZCI6NzI0OCwidXJsIjoiaHR0cHM6XC9cL3VsanVzLmNvbVwvd3AtY29udGVudFwvdXBsb2Fkc1wvMjAyMlwvMDJcL1ZJLU9NUy5qcGcifQ%3D%3D\">\n\t\t\t\t\t\t\t<img loading=\"lazy\" decoding=\"async\" width=\"768\" height=\"1057\" src=\"https:\/\/uljus.com\/wp-content\/uploads\/2022\/02\/VI-OMS-768x1057.jpg\" class=\"attachment-medium_large size-medium_large wp-image-7248\" alt=\"\" srcset=\"https:\/\/uljus.com\/wp-content\/uploads\/2022\/02\/VI-OMS-768x1057.jpg 768w, https:\/\/uljus.com\/wp-content\/uploads\/2022\/02\/VI-OMS-218x300.jpg 218w, https:\/\/uljus.com\/wp-content\/uploads\/2022\/02\/VI-OMS-744x1024.jpg 744w, https:\/\/uljus.com\/wp-content\/uploads\/2022\/02\/VI-OMS-1116x1536.jpg 1116w, https:\/\/uljus.com\/wp-content\/uploads\/2022\/02\/VI-OMS.jpg 1275w\" sizes=\"(max-width: 768px) 100vw, 768px\" \/>\t\t\t\t\t\t\t\t<\/a>\n\t\t\t\t\t\t\t\t\t\t\t\t\t\t\t<\/div>\n\t\t\t\t<\/div>\n\t\t\t\t\t<\/div>\n\t\t<\/div>\n\t\t\t\t<div class=\"elementor-column elementor-col-25 elementor-inner-column elementor-element elementor-element-c6a9a8d\" data-id=\"c6a9a8d\" data-element_type=\"column\" data-e-type=\"column\">\n\t\t\t<div class=\"elementor-widget-wrap elementor-element-populated\">\n\t\t\t\t\t\t<div class=\"elementor-element elementor-element-a0428b7 elementor-widget elementor-widget-image\" data-id=\"a0428b7\" data-element_type=\"widget\" data-e-type=\"widget\" data-widget_type=\"image.default\">\n\t\t\t\t<div class=\"elementor-widget-container\">\n\t\t\t\t\t\t\t\t\t\t\t\t\t\t\t\t<a href=\"https:\/\/uljus.com\/wp-content\/uploads\/2022\/02\/Uporedni-klavir.jpg\" data-elementor-open-lightbox=\"yes\" data-elementor-lightbox-title=\"Uporedni klavir\" data-e-action-hash=\"#elementor-action%3Aaction%3Dlightbox%26settings%3DeyJpZCI6NzI1MCwidXJsIjoiaHR0cHM6XC9cL3VsanVzLmNvbVwvd3AtY29udGVudFwvdXBsb2Fkc1wvMjAyMlwvMDJcL1Vwb3JlZG5pLWtsYXZpci5qcGcifQ%3D%3D\">\n\t\t\t\t\t\t\t<img loading=\"lazy\" decoding=\"async\" width=\"768\" height=\"1057\" src=\"https:\/\/uljus.com\/wp-content\/uploads\/2022\/02\/Uporedni-klavir-768x1057.jpg\" class=\"attachment-medium_large size-medium_large wp-image-7250\" alt=\"\" srcset=\"https:\/\/uljus.com\/wp-content\/uploads\/2022\/02\/Uporedni-klavir-768x1057.jpg 768w, https:\/\/uljus.com\/wp-content\/uploads\/2022\/02\/Uporedni-klavir-218x300.jpg 218w, https:\/\/uljus.com\/wp-content\/uploads\/2022\/02\/Uporedni-klavir-744x1024.jpg 744w, https:\/\/uljus.com\/wp-content\/uploads\/2022\/02\/Uporedni-klavir-1116x1536.jpg 1116w, https:\/\/uljus.com\/wp-content\/uploads\/2022\/02\/Uporedni-klavir.jpg 1275w\" sizes=\"(max-width: 768px) 100vw, 768px\" \/>\t\t\t\t\t\t\t\t<\/a>\n\t\t\t\t\t\t\t\t\t\t\t\t\t\t\t<\/div>\n\t\t\t\t<\/div>\n\t\t\t\t\t<\/div>\n\t\t<\/div>\n\t\t\t\t<div class=\"elementor-column elementor-col-25 elementor-inner-column elementor-element elementor-element-f8f3d91\" data-id=\"f8f3d91\" data-element_type=\"column\" data-e-type=\"column\">\n\t\t\t<div class=\"elementor-widget-wrap elementor-element-populated\">\n\t\t\t\t\t\t<div class=\"elementor-element elementor-element-aa36ba6 elementor-cta--skin-cover elementor-animated-content elementor-bg-transform elementor-bg-transform-zoom-in elementor-widget elementor-widget-call-to-action\" data-id=\"aa36ba6\" data-element_type=\"widget\" data-e-type=\"widget\" data-widget_type=\"call-to-action.default\">\n\t\t\t\t<div class=\"elementor-widget-container\">\n\t\t\t\t\t\t\t<a class=\"elementor-cta\" href=\"https:\/\/uljus.com\/wp-content\/uploads\/2022\/02\/Book-2014.doc\">\n\t\t\t\t\t<div class=\"elementor-cta__bg-wrapper\">\n\t\t\t\t<div class=\"elementor-cta__bg elementor-bg\" style=\"background-image: url(https:\/\/uljus.com\/wp-content\/uploads\/2022\/02\/slika-fascikla-1.jpg);\" role=\"img\" aria-label=\"ULJUS logo\"><\/div>\n\t\t\t\t<div class=\"elementor-cta__bg-overlay\"><\/div>\n\t\t\t<\/div>\n\t\t\t\t\t\t\t<div class=\"elementor-cta__content\">\n\t\t\t\t\n\t\t\t\t\n\t\t\t\t\n\t\t\t\t\t\t\t\t\t<div class=\"elementor-cta__button-wrapper elementor-cta__content-item elementor-content-item elementor-animated-item--grow\">\n\t\t\t\t\t<span class=\"elementor-cta__button elementor-button elementor-size-\">\n\t\t\t\t\t\tBOOK 2014\t\t\t\t\t<\/span>\n\t\t\t\t\t<\/div>\n\t\t\t\t\t\t\t<\/div>\n\t\t\t\t\t\t<\/a>\n\t\t\t\t\t\t<\/div>\n\t\t\t\t<\/div>\n\t\t\t\t\t<\/div>\n\t\t<\/div>\n\t\t\t\t\t<\/div>\n\t\t<\/section>\n\t\t\t\t\t<\/div>\n\t\t<\/div>\n\t\t\t\t\t<\/div>\n\t\t<\/section>\n\t\t\t\t<\/div>\n\t\t","protected":false},"excerpt":{"rendered":"<p>2014 I International Piano Competition Smederevo Competition Jury Nevena Popovi\u0107, Belgrade, Serbia Ivana Jasi\u0107, Belgrade, Serbia Dragana Pavlovi\u0107, Belgrade, Serbia Katarina \u0160andorov, Belgrade, Serbia Branislava Ranitovi\u0107, Smederevo, Serbia Isidora \u017debeljan, Belgrade, Serbia BOOK 2014<\/p>\n","protected":false},"author":1,"featured_media":0,"parent":0,"menu_order":0,"comment_status":"closed","ping_status":"closed","template":"","meta":{"inline_featured_image":false,"footnotes":""},"class_list":["post-3183","page","type-page","status-publish","hentry"],"_links":{"self":[{"href":"https:\/\/uljus.com\/en\/wp-json\/wp\/v2\/pages\/3183","targetHints":{"allow":["GET"]}}],"collection":[{"href":"https:\/\/uljus.com\/en\/wp-json\/wp\/v2\/pages"}],"about":[{"href":"https:\/\/uljus.com\/en\/wp-json\/wp\/v2\/types\/page"}],"author":[{"embeddable":true,"href":"https:\/\/uljus.com\/en\/wp-json\/wp\/v2\/users\/1"}],"replies":[{"embeddable":true,"href":"https:\/\/uljus.com\/en\/wp-json\/wp\/v2\/comments?post=3183"}],"version-history":[{"count":0,"href":"https:\/\/uljus.com\/en\/wp-json\/wp\/v2\/pages\/3183\/revisions"}],"wp:attachment":[{"href":"https:\/\/uljus.com\/en\/wp-json\/wp\/v2\/media?parent=3183"}],"curies":[{"name":"wp","href":"https:\/\/api.w.org\/{rel}","templated":true}]}}